{"id":282,"date":"2022-08-25T10:48:10","date_gmt":"2022-08-25T08:48:10","guid":{"rendered":"https:\/\/yuzu.preprodwi.fr\/?page_id=282"},"modified":"2022-10-19T20:20:46","modified_gmt":"2022-10-19T18:20:46","slug":"about-yuzu","status":"publish","type":"page","link":"https:\/\/beta.yuzu.hr\/en\/about-yuzu\/","title":{"rendered":"About us"},"content":{"rendered":"","protected":false},"excerpt":{"rendered":"","protected":false},"author":1,"featured_media":594,"parent":0,"menu_order":0,"comment_status":"closed","ping_status":"closed","template":"about.blade.php","meta":[],"acf":[],"yoast_head":"<!-- This site is optimized with the Yoast SEO plugin v19.6.1 - https:\/\/yoast.com\/wordpress\/plugins\/seo\/ -->\n<title>About us - Yuzu<\/title>\n<meta name=\"description\" content=\"Yuzu r\u00e9unit des passionn\u00e9s des nouvelles technologies RH, des ing\u00e9nieurs et un laboratoire de Psychologie et Neurosciences.\" \/>\n<meta name=\"robots\" content=\"noindex, follow, max-snippet:-1, max-image-preview:large, max-video-preview:-1\" \/>\n<meta property=\"og:locale\" content=\"en_US\" \/>\n<meta property=\"og:type\" content=\"article\" \/>\n<meta property=\"og:title\" content=\"About us - Yuzu\" \/>\n<meta property=\"og:description\" content=\"Yuzu r\u00e9unit des passionn\u00e9s des nouvelles technologies RH, des ing\u00e9nieurs et un laboratoire de Psychologie et Neurosciences.\" \/>\n<meta property=\"og:url\" content=\"http:\/\/beta.yuzu.hr\/en\/about-yuzu\/\" \/>\n<meta property=\"og:site_name\" content=\"Yuzu\" \/>\n<meta property=\"article:modified_time\" content=\"2022-10-19T18:20:46+00:00\" \/>\n<meta property=\"og:image\" content=\"http:\/\/beta.yuzu.hr\/app\/uploads\/2022\/10\/LO8A1139.jpg\" \/>\n\t<meta property=\"og:image:width\" content=\"2048\" \/>\n\t<meta property=\"og:image:height\" content=\"1365\" \/>\n\t<meta property=\"og:image:type\" content=\"image\/jpeg\" \/>\n<meta name=\"twitter:card\" content=\"summary_large_image\" \/>\n<script type=\"application\/ld+json\" class=\"yoast-schema-graph\">{\"@context\":\"https:\/\/schema.org\",\"@graph\":[{\"@type\":\"WebPage\",\"@id\":\"http:\/\/beta.yuzu.hr\/en\/about-yuzu\/\",\"url\":\"http:\/\/beta.yuzu.hr\/en\/about-yuzu\/\",\"name\":\"About us - Yuzu\",\"isPartOf\":{\"@id\":\"http:\/\/beta.yuzu.hr\/#website\"},\"datePublished\":\"2022-08-25T08:48:10+00:00\",\"dateModified\":\"2022-10-19T18:20:46+00:00\",\"description\":\"Yuzu r\u00e9unit des passionn\u00e9s des nouvelles technologies RH, des ing\u00e9nieurs et un laboratoire de Psychologie et Neurosciences.\",\"breadcrumb\":{\"@id\":\"http:\/\/beta.yuzu.hr\/en\/about-yuzu\/#breadcrumb\"},\"inLanguage\":\"en-US\",\"potentialAction\":[{\"@type\":\"ReadAction\",\"target\":[\"http:\/\/beta.yuzu.hr\/en\/about-yuzu\/\"]}]},{\"@type\":\"BreadcrumbList\",\"@id\":\"http:\/\/beta.yuzu.hr\/en\/about-yuzu\/#breadcrumb\",\"itemListElement\":[{\"@type\":\"ListItem\",\"position\":1,\"name\":\"Home\",\"item\":\"http:\/\/beta.yuzu.hr\/en\/\"},{\"@type\":\"ListItem\",\"position\":2,\"name\":\"About us\"}]},{\"@type\":\"WebSite\",\"@id\":\"http:\/\/beta.yuzu.hr\/#website\",\"url\":\"http:\/\/beta.yuzu.hr\/\",\"name\":\"Yuzu\",\"description\":\"Un site utilisant WordPress\",\"potentialAction\":[{\"@type\":\"SearchAction\",\"target\":{\"@type\":\"EntryPoint\",\"urlTemplate\":\"http:\/\/beta.yuzu.hr\/?s={search_term_string}\"},\"query-input\":\"required name=search_term_string\"}],\"inLanguage\":\"en-US\"}]}<\/script>\n<!-- \/ Yoast SEO plugin. -->","yoast_head_json":{"title":"About us - Yuzu","description":"Yuzu r\u00e9unit des passionn\u00e9s des nouvelles technologies RH, des ing\u00e9nieurs et un laboratoire de Psychologie et Neurosciences.","robots":{"index":"noindex","follow":"follow","max-snippet":"max-snippet:-1","max-image-preview":"max-image-preview:large","max-video-preview":"max-video-preview:-1"},"og_locale":"en_US","og_type":"article","og_title":"About us - Yuzu","og_description":"Yuzu r\u00e9unit des passionn\u00e9s des nouvelles technologies RH, des ing\u00e9nieurs et un laboratoire de Psychologie et Neurosciences.","og_url":"http:\/\/beta.yuzu.hr\/en\/about-yuzu\/","og_site_name":"Yuzu","article_modified_time":"2022-10-19T18:20:46+00:00","og_image":[{"width":2048,"height":1365,"url":"http:\/\/beta.yuzu.hr\/app\/uploads\/2022\/10\/LO8A1139.jpg","type":"image\/jpeg"}],"twitter_card":"summary_large_image","schema":{"@context":"https:\/\/schema.org","@graph":[{"@type":"WebPage","@id":"http:\/\/beta.yuzu.hr\/en\/about-yuzu\/","url":"http:\/\/beta.yuzu.hr\/en\/about-yuzu\/","name":"About us - Yuzu","isPartOf":{"@id":"http:\/\/beta.yuzu.hr\/#website"},"datePublished":"2022-08-25T08:48:10+00:00","dateModified":"2022-10-19T18:20:46+00:00","description":"Yuzu r\u00e9unit des passionn\u00e9s des nouvelles technologies RH, des ing\u00e9nieurs et un laboratoire de Psychologie et Neurosciences.","breadcrumb":{"@id":"http:\/\/beta.yuzu.hr\/en\/about-yuzu\/#breadcrumb"},"inLanguage":"en-US","potentialAction":[{"@type":"ReadAction","target":["http:\/\/beta.yuzu.hr\/en\/about-yuzu\/"]}]},{"@type":"BreadcrumbList","@id":"http:\/\/beta.yuzu.hr\/en\/about-yuzu\/#breadcrumb","itemListElement":[{"@type":"ListItem","position":1,"name":"Home","item":"http:\/\/beta.yuzu.hr\/en\/"},{"@type":"ListItem","position":2,"name":"About us"}]},{"@type":"WebSite","@id":"http:\/\/beta.yuzu.hr\/#website","url":"http:\/\/beta.yuzu.hr\/","name":"Yuzu","description":"Un site utilisant WordPress","potentialAction":[{"@type":"SearchAction","target":{"@type":"EntryPoint","urlTemplate":"http:\/\/beta.yuzu.hr\/?s={search_term_string}"},"query-input":"required name=search_term_string"}],"inLanguage":"en-US"}]}},"_links":{"self":[{"href":"https:\/\/beta.yuzu.hr\/en\/wp-json\/wp\/v2\/pages\/282"}],"collection":[{"href":"https:\/\/beta.yuzu.hr\/en\/wp-json\/wp\/v2\/pages"}],"about":[{"href":"https:\/\/beta.yuzu.hr\/en\/wp-json\/wp\/v2\/types\/page"}],"author":[{"embeddable":true,"href":"https:\/\/beta.yuzu.hr\/en\/wp-json\/wp\/v2\/users\/1"}],"replies":[{"embeddable":true,"href":"https:\/\/beta.yuzu.hr\/en\/wp-json\/wp\/v2\/comments?post=282"}],"version-history":[{"count":12,"href":"https:\/\/beta.yuzu.hr\/en\/wp-json\/wp\/v2\/pages\/282\/revisions"}],"predecessor-version":[{"id":685,"href":"https:\/\/beta.yuzu.hr\/en\/wp-json\/wp\/v2\/pages\/282\/revisions\/685"}],"wp:featuredmedia":[{"embeddable":true,"href":"https:\/\/beta.yuzu.hr\/en\/wp-json\/wp\/v2\/media\/594"}],"wp:attachment":[{"href":"https:\/\/beta.yuzu.hr\/en\/wp-json\/wp\/v2\/media?parent=282"}],"curies":[{"name":"wp","href":"https:\/\/api.w.org\/{rel}","templated":true}]}}